{"id":714,"date":"2026-03-14T23:42:24","date_gmt":"2026-03-14T23:42:24","guid":{"rendered":"https:\/\/dev.hub-201.com\/news\/"},"modified":"2026-03-27T10:05:31","modified_gmt":"2026-03-27T10:05:31","slug":"news","status":"publish","type":"page","link":"https:\/\/dev.hub-201.com\/sr-latn\/news\/","title":{"rendered":"Vesti"},"content":{"rendered":"<p>Pretra\u017eite na\u0161e najnovije vesti i a\u017euriranja.<\/p>\n","protected":false},"excerpt":{"rendered":"<p>Pretra\u017eite na\u0161e najnovije vesti i a\u017euriranja.<\/p>\n","protected":false},"author":1,"featured_media":0,"parent":0,"menu_order":0,"comment_status":"closed","ping_status":"closed","template":"template-news-new.php","meta":{"_acf_changed":false,"inline_featured_image":false,"footnotes":""},"class_list":["post-714","page","type-page","status-publish","hentry"],"acf":[],"_links":{"self":[{"href":"https:\/\/dev.hub-201.com\/sr-latn\/wp-json\/wp\/v2\/pages\/714","targetHints":{"allow":["GET"]}}],"collection":[{"href":"https:\/\/dev.hub-201.com\/sr-latn\/wp-json\/wp\/v2\/pages"}],"about":[{"href":"https:\/\/dev.hub-201.com\/sr-latn\/wp-json\/wp\/v2\/types\/page"}],"author":[{"embeddable":true,"href":"https:\/\/dev.hub-201.com\/sr-latn\/wp-json\/wp\/v2\/users\/1"}],"replies":[{"embeddable":true,"href":"https:\/\/dev.hub-201.com\/sr-latn\/wp-json\/wp\/v2\/comments?post=714"}],"version-history":[{"count":3,"href":"https:\/\/dev.hub-201.com\/sr-latn\/wp-json\/wp\/v2\/pages\/714\/revisions"}],"predecessor-version":[{"id":718,"href":"https:\/\/dev.hub-201.com\/sr-latn\/wp-json\/wp\/v2\/pages\/714\/revisions\/718"}],"wp:attachment":[{"href":"https:\/\/dev.hub-201.com\/sr-latn\/wp-json\/wp\/v2\/media?parent=714"}],"curies":[{"name":"wp","href":"https:\/\/api.w.org\/{rel}","templated":true}]}}